{"id":203,"date":"2022-03-22T22:09:44","date_gmt":"2022-03-23T03:09:44","guid":{"rendered":"https:\/\/www.commtech.ca\/blogue\/"},"modified":"2022-05-12T02:52:12","modified_gmt":"2022-05-12T07:52:12","slug":"blog","status":"publish","type":"page","link":"https:\/\/commtech.ca\/en\/blog\/","title":{"rendered":"Blog"},"content":{"rendered":"<!--themify_builder_content-->\n<div id=\"themify_builder_content-203\" data-postid=\"203\" class=\"themify_builder_content themify_builder_content-203 themify_builder tf_clear\">\n                    <div  data-css_id=\"bcxo783\" data-lazy=\"1\" class=\"module_row themify_builder_row fullwidth_row_container tb_bcxo783 tb_first tf_w\">\n                        <div class=\"row_inner col_auto_height col_align_top tb_col_count_2 tf_box tf_rel\">\n                        <div  data-lazy=\"1\" class=\"module_column tb-column col4-2 tb_q4c1783 first\">\n                    <!-- module text -->\n<div  class=\"module module-text tb_ln91784  repeat \" data-lazy=\"1\">\n        <div  class=\"tb_text_wrap\">\n        <h1>Blog<\/h1>    <\/div>\n<\/div>\n<!-- \/module text --><!-- module post -->\n<div  class=\"module module-post tb_m3oa784  tb_fullwidth_image\">\n    <div  class=\"builder-posts-wrap loops-wrapper list-post no tf_clear tf_clearfix\" data-lazy=\"1\">\n    <article id=\"post-852\" class=\"post tf_clearfix post-852 type-post status-publish format-standard hentry category-blog tag-security has-post-title no-post-date has-post-category has-post-tag has-post-comment has-post-author \">\n\t    \n\t\t<div class=\"post-content\">\n\t\t<div class=\"post-content-inner\">\n\n\t\t\t\n\t\t\t<h2 class=\"post-title entry-title\"><a href=\"https:\/\/commtech.ca\/en\/cybersecurity\/\">Cybersecurity\u00a0<\/a><\/h2>\n\t\t\t\n\t\t\t\n\t\t\t        <div class=\"entry-content\">\n\n        \n            <p>There are many cyber threats, and it\u2019s very difficult to get a sense of the magnitude of them. Whether it\u2019s really to undermine your business or simply to use your IT resources for another purpose, your environment is constantly under attack. In order to protect your business from these hazards, it is first necessary to understand their sources. Then, familiarize yourself with the various tools available to you in order to enjoy a more secure computing environment.<\/p>\n\n                \n            \n        <\/div><!-- \/.entry-content -->\n        \n\t\t<\/div>\n\t\t<!-- \/.post-content-inner -->\n\t<\/div>\n\t<!-- \/.post-content -->\n\t\n<\/article>\n<!-- \/.post -->\n    <\/div><!-- .builder-posts-wrap -->\n            <\/div>\n<!-- \/module post -->\n            <\/div>\n                    <div  data-lazy=\"1\" class=\"module_column tb-column col4-2 tb_rg69785 last\">\n                    <!-- module post -->\n<div  class=\"module module-post tb_c8vn785  tb_fullwidth_image\">\n    <div  class=\"builder-posts-wrap loops-wrapper list-post boxed tf_clear tf_clearfix\" data-lazy=\"1\">\n    <article id=\"post-852\" class=\"post tf_clearfix post-852 type-post status-publish format-standard has-post-thumbnail hentry category-blog tag-security no-post-title no-post-date has-post-category has-post-tag has-post-comment has-post-author \">\n\t    \n\t                <figure class=\"post-image tf_clearfix\">\n                                                            <a href=\"https:\/\/commtech.ca\/en\/cybersecurity\/\">\n                                        <img loading=\"lazy\" decoding=\"async\" width=\"1280\" height=\"854\" src=\"https:\/\/commtech.ca\/wp-content\/uploads\/2022\/04\/pexels-christina-morillo-1181396.jpg\" class=\"wp-post-image wp-image-180\" title=\"pexels-christina-morillo-1181396\" alt=\"pexels-christina-morillo-1181396\" srcset=\"https:\/\/commtech.ca\/wp-content\/uploads\/2022\/04\/pexels-christina-morillo-1181396.jpg 1280w, https:\/\/commtech.ca\/wp-content\/uploads\/2022\/04\/pexels-christina-morillo-1181396-300x200.jpg 300w, https:\/\/commtech.ca\/wp-content\/uploads\/2022\/04\/pexels-christina-morillo-1181396-1024x683.jpg 1024w, https:\/\/commtech.ca\/wp-content\/uploads\/2022\/04\/pexels-christina-morillo-1181396-768x512.jpg 768w\" sizes=\"auto, (max-width: 1280px) 100vw, 1280px\" \/>                                                                    <\/a>\n                                                                <\/figure>\n                    \t<div class=\"post-content\">\n\t\t<div class=\"post-content-inner\">\n\n\t\t\t\n\t\t\t\n\t\t\t\n\t\t\t\n\t\t\t        <div class=\"entry-content\">\n\n        \n        <\/div><!-- \/.entry-content -->\n        \n\t\t<\/div>\n\t\t<!-- \/.post-content-inner -->\n\t<\/div>\n\t<!-- \/.post-content -->\n\t\n<\/article>\n<!-- \/.post -->\n    <\/div><!-- .builder-posts-wrap -->\n            <\/div>\n<!-- \/module post -->\n            <\/div>\n                        <\/div>\n        <\/div>\n                        <div  data-css_id=\"mq0r783\" data-lazy=\"1\" class=\"module_row themify_builder_row fullwidth_row_container tb_mq0r783 tf_w\">\n                        <div class=\"row_inner col_align_top tb_col_count_1 tf_box tf_rel\">\n                        <div  data-lazy=\"1\" class=\"module_column tb-column col-full tb_itti786 first\">\n                    <!-- module post -->\n<div  class=\"module module-post tb_sn5p786  tb_fullwidth_image\">\n    <div  class=\"builder-posts-wrap loops-wrapper list-thumb-image no tf_clear tf_clearfix\" data-lazy=\"1\">\n    <article id=\"post-851\" class=\"post tf_clearfix post-851 type-post status-publish format-standard has-post-thumbnail hentry category-blog tag-it-services has-post-title no-post-date has-post-category has-post-tag has-post-comment has-post-author \">\n\t    \n\t                <figure class=\"post-image tf_clearfix\">\n                                                            <a href=\"https:\/\/commtech.ca\/en\/linformatique-le-coeur-de-votre-entreprise\/\">\n                                        <img loading=\"lazy\" decoding=\"async\" width=\"1280\" height=\"853\" src=\"https:\/\/commtech.ca\/wp-content\/uploads\/2022\/04\/pexels-vlada-karpovich-7433850.jpg\" class=\"wp-post-image wp-image-167\" title=\"pexels-vlada-karpovich-7433850\" alt=\"pexels-vlada-karpovich-7433850\" srcset=\"https:\/\/commtech.ca\/wp-content\/uploads\/2022\/04\/pexels-vlada-karpovich-7433850.jpg 1280w, https:\/\/commtech.ca\/wp-content\/uploads\/2022\/04\/pexels-vlada-karpovich-7433850-300x200.jpg 300w, https:\/\/commtech.ca\/wp-content\/uploads\/2022\/04\/pexels-vlada-karpovich-7433850-1024x682.jpg 1024w, https:\/\/commtech.ca\/wp-content\/uploads\/2022\/04\/pexels-vlada-karpovich-7433850-768x512.jpg 768w\" sizes=\"auto, (max-width: 1280px) 100vw, 1280px\" \/>                                                                    <\/a>\n                                                                <\/figure>\n                    \t<div class=\"post-content\">\n\t\t<div class=\"post-content-inner\">\n\n\t\t\t\n\t\t\t<h2 class=\"post-title entry-title\"><a href=\"https:\/\/commtech.ca\/en\/linformatique-le-coeur-de-votre-entreprise\/\">IT, the heart of your business!\u00a0<\/a><\/h2>\n\t\t\t\n\t\t\t\n\t\t\t        <div class=\"entry-content\">\n\n        \n            <p>John L. Beckley a dit un jour\u202f: \u00ab\u202fLa plupart des gens ne planifient pas d\u2019\u00e9chouer; ils ont seulement \u00e9chou\u00e9 leur planification\u202f\u00bb (adaptation libre.)\u00a0 Vous caressez un projet d\u2019expansion pour votre entreprise ou vous d\u00e9sirez trouver des solutions pour \u00eatre plus mobile et peut-\u00eatre m\u00eame faire du t\u00e9l\u00e9travail. Peut-\u00eatre d\u00e9sirez-vous suivre les tendances du march\u00e9 ou optimiser votre structure de travail? Planifiez!\u00a0<\/p>\n\n                \n            \n        <\/div><!-- \/.entry-content -->\n        \n\t\t<\/div>\n\t\t<!-- \/.post-content-inner -->\n\t<\/div>\n\t<!-- \/.post-content -->\n\t\n<\/article>\n<!-- \/.post -->\n<article id=\"post-850\" class=\"post tf_clearfix post-850 type-post status-publish format-standard has-post-thumbnail hentry category-blog tag-training has-post-title no-post-date has-post-category has-post-tag has-post-comment has-post-author \">\n\t    \n\t                <figure class=\"post-image tf_clearfix\">\n                                                            <a href=\"https:\/\/commtech.ca\/en\/training-an-expense-that-quickly-becomes-an-investment\/\">\n                                        <img loading=\"lazy\" decoding=\"async\" width=\"1920\" height=\"1280\" src=\"https:\/\/commtech.ca\/wp-content\/uploads\/2022\/03\/pexels-yan-krukov-8866748.jpg\" class=\"wp-post-image wp-image-173\" title=\"pexels-yan-krukov-8866748\" alt=\"Contactesz-nous\" srcset=\"https:\/\/commtech.ca\/wp-content\/uploads\/2022\/03\/pexels-yan-krukov-8866748.jpg 1920w, https:\/\/commtech.ca\/wp-content\/uploads\/2022\/03\/pexels-yan-krukov-8866748-300x200.jpg 300w, https:\/\/commtech.ca\/wp-content\/uploads\/2022\/03\/pexels-yan-krukov-8866748-1024x683.jpg 1024w, https:\/\/commtech.ca\/wp-content\/uploads\/2022\/03\/pexels-yan-krukov-8866748-768x512.jpg 768w, https:\/\/commtech.ca\/wp-content\/uploads\/2022\/03\/pexels-yan-krukov-8866748-1536x1024.jpg 1536w\" sizes=\"auto, (max-width: 1920px) 100vw, 1920px\" \/>                                                                    <\/a>\n                                                                <\/figure>\n                    \t<div class=\"post-content\">\n\t\t<div class=\"post-content-inner\">\n\n\t\t\t\n\t\t\t<h2 class=\"post-title entry-title\"><a href=\"https:\/\/commtech.ca\/en\/training-an-expense-that-quickly-becomes-an-investment\/\">Training, an expense that quickly becomes an investment!<\/a><\/h2>\n\t\t\t\n\t\t\t\n\t\t\t        <div class=\"entry-content\">\n\n        \n            <p>Quelle place donnez-vous \u00e0 l\u2019accompagnement et \u00e0 la formation dans votre entreprise ? Est-ce que vous offrez de l\u2019accompagnement \u00e0 votre personnel afin de leur permettre d\u2019utiliser ad\u00e9quatement les outils technologiques mis \u00e0 leurs dispositions?\u00a0<\/p>\n\n                \n            \n        <\/div><!-- \/.entry-content -->\n        \n\t\t<\/div>\n\t\t<!-- \/.post-content-inner -->\n\t<\/div>\n\t<!-- \/.post-content -->\n\t\n<\/article>\n<!-- \/.post -->\n    <\/div><!-- .builder-posts-wrap -->\n            <\/div>\n<!-- \/module post -->\n            <\/div>\n                        <\/div>\n        <\/div>\n        <\/div>\n<!--\/themify_builder_content-->","protected":false},"excerpt":{"rendered":"<p>Blog<\/p>\n","protected":false},"author":1,"featured_media":0,"parent":0,"menu_order":0,"comment_status":"closed","ping_status":"closed","template":"","meta":{"nf_dc_page":"","footnotes":""},"class_list":["post-203","page","type-page","status-publish","hentry","has-post-title","has-post-date","has-post-category","has-post-tag","has-post-comment","has-post-author",""],"yoast_head":"<!-- This site is optimized with the Yoast SEO plugin v27.5 - https:\/\/yoast.com\/product\/yoast-seo-wordpress\/ -->\n<title>Blog - Commtech<\/title>\n<meta name=\"robots\" content=\"index, follow, max-snippet:-1, max-image-preview:large, max-video-preview:-1\" \/>\n<link rel=\"canonical\" href=\"https:\/\/commtech.ca\/en\/blog\/\" \/>\n<meta property=\"og:locale\" content=\"en_US\" \/>\n<meta property=\"og:type\" content=\"article\" \/>\n<meta property=\"og:title\" content=\"Blog - Commtech\" \/>\n<meta property=\"og:description\" content=\"Blog\" \/>\n<meta property=\"og:url\" content=\"https:\/\/commtech.ca\/en\/blog\/\" \/>\n<meta property=\"og:site_name\" content=\"Commtech\" \/>\n<meta property=\"article:publisher\" content=\"https:\/\/www.facebook.com\/commtechinfo\/\" \/>\n<meta property=\"article:modified_time\" content=\"2022-05-12T07:52:12+00:00\" \/>\n<meta property=\"og:image\" content=\"https:\/\/commtech.ca\/wp-content\/uploads\/2022\/04\/commtech-services-infomatiques.jpg\" \/>\n\t<meta property=\"og:image:width\" content=\"1280\" \/>\n\t<meta property=\"og:image:height\" content=\"853\" \/>\n\t<meta property=\"og:image:type\" content=\"image\/jpeg\" \/>\n<meta name=\"twitter:card\" content=\"summary_large_image\" \/>\n<script type=\"application\/ld+json\" class=\"yoast-schema-graph\">{\"@context\":\"https:\\\/\\\/schema.org\",\"@graph\":[{\"@type\":\"WebPage\",\"@id\":\"https:\\\/\\\/commtech.ca\\\/en\\\/blog\\\/\",\"url\":\"https:\\\/\\\/commtech.ca\\\/en\\\/blog\\\/\",\"name\":\"Blog - Commtech\",\"isPartOf\":{\"@id\":\"https:\\\/\\\/commtech.ca\\\/en\\\/#website\"},\"datePublished\":\"2022-03-23T03:09:44+00:00\",\"dateModified\":\"2022-05-12T07:52:12+00:00\",\"breadcrumb\":{\"@id\":\"https:\\\/\\\/commtech.ca\\\/en\\\/blog\\\/#breadcrumb\"},\"inLanguage\":\"en-CA\",\"potentialAction\":[{\"@type\":\"ReadAction\",\"target\":[\"https:\\\/\\\/commtech.ca\\\/en\\\/blog\\\/\"]}]},{\"@type\":\"BreadcrumbList\",\"@id\":\"https:\\\/\\\/commtech.ca\\\/en\\\/blog\\\/#breadcrumb\",\"itemListElement\":[{\"@type\":\"ListItem\",\"position\":1,\"name\":\"Home\",\"item\":\"https:\\\/\\\/commtech.ca\\\/en\\\/\"},{\"@type\":\"ListItem\",\"position\":2,\"name\":\"Blog\"}]},{\"@type\":\"WebSite\",\"@id\":\"https:\\\/\\\/commtech.ca\\\/en\\\/#website\",\"url\":\"https:\\\/\\\/commtech.ca\\\/en\\\/\",\"name\":\"Commtech\",\"description\":\"Informatique\",\"publisher\":{\"@id\":\"https:\\\/\\\/commtech.ca\\\/en\\\/#organization\"},\"potentialAction\":[{\"@type\":\"SearchAction\",\"target\":{\"@type\":\"EntryPoint\",\"urlTemplate\":\"https:\\\/\\\/commtech.ca\\\/en\\\/?s={search_term_string}\"},\"query-input\":{\"@type\":\"PropertyValueSpecification\",\"valueRequired\":true,\"valueName\":\"search_term_string\"}}],\"inLanguage\":\"en-CA\"},{\"@type\":\"Organization\",\"@id\":\"https:\\\/\\\/commtech.ca\\\/en\\\/#organization\",\"name\":\"Commtech\",\"url\":\"https:\\\/\\\/commtech.ca\\\/en\\\/\",\"logo\":{\"@type\":\"ImageObject\",\"inLanguage\":\"en-CA\",\"@id\":\"https:\\\/\\\/commtech.ca\\\/en\\\/#\\\/schema\\\/logo\\\/image\\\/\",\"url\":\"https:\\\/\\\/www.commtech.ca\\\/wp-content\\\/uploads\\\/2022\\\/04\\\/commtech_logo.png\",\"contentUrl\":\"https:\\\/\\\/www.commtech.ca\\\/wp-content\\\/uploads\\\/2022\\\/04\\\/commtech_logo.png\",\"width\":1688,\"height\":352,\"caption\":\"Commtech\"},\"image\":{\"@id\":\"https:\\\/\\\/commtech.ca\\\/en\\\/#\\\/schema\\\/logo\\\/image\\\/\"},\"sameAs\":[\"https:\\\/\\\/www.facebook.com\\\/commtechinfo\\\/\",\"https:\\\/\\\/ca.linkedin.com\\\/company\\\/commtech-informatique\\\/\"]}]}<\/script>\n<!-- \/ Yoast SEO plugin. -->","yoast_head_json":{"title":"Blog - Commtech","robots":{"index":"index","follow":"follow","max-snippet":"max-snippet:-1","max-image-preview":"max-image-preview:large","max-video-preview":"max-video-preview:-1"},"canonical":"https:\/\/commtech.ca\/en\/blog\/","og_locale":"en_US","og_type":"article","og_title":"Blog - Commtech","og_description":"Blog","og_url":"https:\/\/commtech.ca\/en\/blog\/","og_site_name":"Commtech","article_publisher":"https:\/\/www.facebook.com\/commtechinfo\/","article_modified_time":"2022-05-12T07:52:12+00:00","og_image":[{"width":1280,"height":853,"url":"https:\/\/commtech.ca\/wp-content\/uploads\/2022\/04\/commtech-services-infomatiques.jpg","type":"image\/jpeg"}],"twitter_card":"summary_large_image","schema":{"@context":"https:\/\/schema.org","@graph":[{"@type":"WebPage","@id":"https:\/\/commtech.ca\/en\/blog\/","url":"https:\/\/commtech.ca\/en\/blog\/","name":"Blog - Commtech","isPartOf":{"@id":"https:\/\/commtech.ca\/en\/#website"},"datePublished":"2022-03-23T03:09:44+00:00","dateModified":"2022-05-12T07:52:12+00:00","breadcrumb":{"@id":"https:\/\/commtech.ca\/en\/blog\/#breadcrumb"},"inLanguage":"en-CA","potentialAction":[{"@type":"ReadAction","target":["https:\/\/commtech.ca\/en\/blog\/"]}]},{"@type":"BreadcrumbList","@id":"https:\/\/commtech.ca\/en\/blog\/#breadcrumb","itemListElement":[{"@type":"ListItem","position":1,"name":"Home","item":"https:\/\/commtech.ca\/en\/"},{"@type":"ListItem","position":2,"name":"Blog"}]},{"@type":"WebSite","@id":"https:\/\/commtech.ca\/en\/#website","url":"https:\/\/commtech.ca\/en\/","name":"Commtech","description":"Informatique","publisher":{"@id":"https:\/\/commtech.ca\/en\/#organization"},"potentialAction":[{"@type":"SearchAction","target":{"@type":"EntryPoint","urlTemplate":"https:\/\/commtech.ca\/en\/?s={search_term_string}"},"query-input":{"@type":"PropertyValueSpecification","valueRequired":true,"valueName":"search_term_string"}}],"inLanguage":"en-CA"},{"@type":"Organization","@id":"https:\/\/commtech.ca\/en\/#organization","name":"Commtech","url":"https:\/\/commtech.ca\/en\/","logo":{"@type":"ImageObject","inLanguage":"en-CA","@id":"https:\/\/commtech.ca\/en\/#\/schema\/logo\/image\/","url":"https:\/\/www.commtech.ca\/wp-content\/uploads\/2022\/04\/commtech_logo.png","contentUrl":"https:\/\/www.commtech.ca\/wp-content\/uploads\/2022\/04\/commtech_logo.png","width":1688,"height":352,"caption":"Commtech"},"image":{"@id":"https:\/\/commtech.ca\/en\/#\/schema\/logo\/image\/"},"sameAs":["https:\/\/www.facebook.com\/commtechinfo\/","https:\/\/ca.linkedin.com\/company\/commtech-informatique\/"]}]}},"builder_content":"<h1>Blog<\/h1>","_links":{"self":[{"href":"https:\/\/commtech.ca\/en\/wp-json\/wp\/v2\/pages\/203","targetHints":{"allow":["GET"]}}],"collection":[{"href":"https:\/\/commtech.ca\/en\/wp-json\/wp\/v2\/pages"}],"about":[{"href":"https:\/\/commtech.ca\/en\/wp-json\/wp\/v2\/types\/page"}],"author":[{"embeddable":true,"href":"https:\/\/commtech.ca\/en\/wp-json\/wp\/v2\/users\/1"}],"replies":[{"embeddable":true,"href":"https:\/\/commtech.ca\/en\/wp-json\/wp\/v2\/comments?post=203"}],"version-history":[{"count":6,"href":"https:\/\/commtech.ca\/en\/wp-json\/wp\/v2\/pages\/203\/revisions"}],"predecessor-version":[{"id":869,"href":"https:\/\/commtech.ca\/en\/wp-json\/wp\/v2\/pages\/203\/revisions\/869"}],"wp:attachment":[{"href":"https:\/\/commtech.ca\/en\/wp-json\/wp\/v2\/media?parent=203"}],"curies":[{"name":"wp","href":"https:\/\/api.w.org\/{rel}","templated":true}]}}